{"id":1941,"date":"2025-12-16T14:44:55","date_gmt":"2025-12-16T14:44:55","guid":{"rendered":"https:\/\/test.phenologix.xyz\/?page_id=1941"},"modified":"2026-01-01T17:12:06","modified_gmt":"2026-01-01T17:12:06","slug":"staff-augmentation","status":"publish","type":"page","link":"https:\/\/test.phenologix.xyz\/index.php\/staff-augmentation\/","title":{"rendered":"Staff augmentation"},"content":{"rendered":"\t\t<div data-elementor-type=\"wp-page\" data-elementor-id=\"1941\" class=\"elementor elementor-1941\">\n\t\t\t\t\t\t<section class=\"elementor-section elementor-top-section elementor-element elementor-element-59136c6 elementor-section-full_width elementor-section-height-default elementor-section-height-default\" data-id=\"59136c6\" data-element_type=\"section\">\n\t\t\t\t\t\t<div class=\"elementor-container elementor-column-gap-default\">\n\t\t\t\t\t<div class=\"elementor-column elementor-col-100 elementor-top-column elementor-element elementor-element-bd60714\" data-id=\"bd60714\" data-element_type=\"column\">\n\t\t\t<div class=\"elementor-widget-wrap elementor-element-populated\">\n\t\t\t\t\t\t<div class=\"elementor-element elementor-element-f72dd2d elementor-widget elementor-widget-sinco_service_detail\" data-id=\"f72dd2d\" data-element_type=\"widget\" data-widget_type=\"sinco_service_detail.default\">\n\t\t\t\t<div class=\"elementor-widget-container\">\n\t\t\t\t\t\t\t\n    <!-- \n    =============================================\n        Service Details\n    ============================================== \n    -->\n    <div class=\"service-details position-relative mt-160 mb-150 lg-mt-100 lg-mb-100\">\n        <div class=\"container\">\n            <div class=\"row\">\n                <div class=\"col-xl-9 col-lg-8 order-lg-1\">\n                    <div class=\"service-details-meta ps-lg-5 ms-xxl-4\">\n                                                <h2 class=\"main-title\">Delivering the talent you need to accelerate development<\/h2>\n                                                 \n                                                <p>Phenologix delivers high-quality engineering talent through a hybrid onshore\u2013offshore model across Canada and the USA, helping you scale development and eliminate hiring delays. Our experts integrate seamlessly into your team, ensuring technical depth and consistent delivery. Whether you require short-term specialists or long-term dedicated engineers, we provide flexible, cost-efficient staff augmentation that strengthens capability and supports continuous growth.<\/p>\n                                               \n                                                <img decoding=\"async\" src=\"https:\/\/test.phenologix.xyz\/wp-content\/uploads\/2026\/01\/openart-bcac1267-f27d-4b97-ab04-8a200fa6213b-e1768320758666.png\" alt=\"Awesome Image\" class=\"main-img-meta\">\n                                                \n                                                <h3 class=\"sub-title\">Technologies we work with<\/h3>\n                                                \n                                                <p>Our teams bring deep engineering experience across modern frameworks, automation platforms, cloud services, and enterprise-grade development tools.<\/p>\n                                                <div>\n                            <div class=\"row\">\n                                                                <div class=\"col-md-4 d-flex\" data-aos=\"fade-up\">\n                                    <div class=\"block-style-ten color-two ps-2 pe-2 text-center tran3s mt-10\">\n                                        <div class=\"icon d-flex align-items-end\"><img decoding=\"async\" src=\"https:\/\/test.phenologix.xyz\/wp-content\/uploads\/2025\/12\/laptop-code-solid-full.png\" alt=\"Awesome Image\" class=\"m-auto\"><\/div>\n                                        <h6><a href=\"#\">Full Stack Developer<\/a><\/h6>\n                                    <\/div> <!-- \/.block-style-ten -->\n                                <\/div>\n                                                               <div class=\"col-md-4 d-flex\" data-aos=\"fade-up\">\n                                    <div class=\"block-style-ten color-two ps-2 pe-2 text-center tran3s mt-10\">\n                                        <div class=\"icon d-flex align-items-end\"><img decoding=\"async\" src=\"https:\/\/test.phenologix.xyz\/wp-content\/uploads\/2025\/12\/brain-solid-full.png\" alt=\"Awesome Image\" class=\"m-auto\"><\/div>\n                                        <h6><a href=\"#\">Python Developer<\/a><\/h6>\n                                    <\/div> <!-- \/.block-style-ten -->\n                                <\/div>\n                                                               <div class=\"col-md-4 d-flex\" data-aos=\"fade-up\">\n                                    <div class=\"block-style-ten color-two ps-2 pe-2 text-center tran3s mt-10\">\n                                        <div class=\"icon d-flex align-items-end\"><img decoding=\"async\" src=\"https:\/\/test.phenologix.xyz\/wp-content\/uploads\/2025\/12\/Web.png\" alt=\"Awesome Image\" class=\"m-auto\"><\/div>\n                                        <h6><a href=\"#\">ReactJs Developer<\/a><\/h6>\n                                    <\/div> <!-- \/.block-style-ten -->\n                                <\/div>\n                                                               <div class=\"col-md-4 d-flex\" data-aos=\"fade-up\">\n                                    <div class=\"block-style-ten color-two ps-2 pe-2 text-center tran3s mt-10\">\n                                        <div class=\"icon d-flex align-items-end\"><img decoding=\"async\" src=\"https:\/\/test.phenologix.xyz\/wp-content\/uploads\/2025\/12\/layer-group-solid-full.png\" alt=\"Awesome Image\" class=\"m-auto\"><\/div>\n                                        <h6><a href=\"\">NodeJs Developer<\/a><\/h6>\n                                    <\/div> <!-- \/.block-style-ten -->\n                                <\/div>\n                                                               <div class=\"col-md-4 d-flex\" data-aos=\"fade-up\">\n                                    <div class=\"block-style-ten color-two ps-2 pe-2 text-center tran3s mt-10\">\n                                        <div class=\"icon d-flex align-items-end\"><img decoding=\"async\" src=\"https:\/\/test.phenologix.xyz\/wp-content\/uploads\/2025\/12\/cube-solid-full.png\" alt=\"Awesome Image\" class=\"m-auto\"><\/div>\n                                        <h6><a href=\"\">Java developer<\/a><\/h6>\n                                    <\/div> <!-- \/.block-style-ten -->\n                                <\/div>\n                                                               <div class=\"col-md-4 d-flex\" data-aos=\"fade-up\">\n                                    <div class=\"block-style-ten color-two ps-2 pe-2 text-center tran3s mt-10\">\n                                        <div class=\"icon d-flex align-items-end\"><img decoding=\"async\" src=\"https:\/\/test.phenologix.xyz\/wp-content\/uploads\/2025\/12\/laptop-code-solid-full.png\" alt=\"Awesome Image\" class=\"m-auto\"><\/div>\n                                        <h6><a href=\"\">.Net developer<\/a><\/h6>\n                                    <\/div> <!-- \/.block-style-ten -->\n                                <\/div>\n                                                               <div class=\"col-md-4 d-flex\" data-aos=\"fade-up\">\n                                    <div class=\"block-style-ten color-two ps-2 pe-2 text-center tran3s mt-10\">\n                                        <div class=\"icon d-flex align-items-end\"><img decoding=\"async\" src=\"https:\/\/test.phenologix.xyz\/wp-content\/uploads\/2025\/12\/AI-Automation.png\" alt=\"Awesome Image\" class=\"m-auto\"><\/div>\n                                        <h6><a href=\"\">AI Developer<\/a><\/h6>\n                                    <\/div> <!-- \/.block-style-ten -->\n                                <\/div>\n                                                               <div class=\"col-md-4 d-flex\" data-aos=\"fade-up\">\n                                    <div class=\"block-style-ten color-two ps-2 pe-2 text-center tran3s mt-10\">\n                                        <div class=\"icon d-flex align-items-end\"><img decoding=\"async\" src=\"https:\/\/test.phenologix.xyz\/wp-content\/uploads\/2025\/12\/RPA.png\" alt=\"Awesome Image\" class=\"m-auto\"><\/div>\n                                        <h6><a href=\"\">RPA \/Ui Path developer<\/a><\/h6>\n                                    <\/div> <!-- \/.block-style-ten -->\n                                <\/div>\n                                                               <div class=\"col-md-4 d-flex\" data-aos=\"fade-up\">\n                                    <div class=\"block-style-ten color-two ps-2 pe-2 text-center tran3s mt-10\">\n                                        <div class=\"icon d-flex align-items-end\"><img decoding=\"async\" src=\"https:\/\/test.phenologix.xyz\/wp-content\/uploads\/2025\/12\/product-development.png\" alt=\"Awesome Image\" class=\"m-auto\"><\/div>\n                                        <h6><a href=\"\">BI &amp; advanced analytics<\/a><\/h6>\n                                    <\/div> <!-- \/.block-style-ten -->\n                                <\/div>\n                                                           <\/div>\n                        <\/div>\n                        <div class=\"mt-75 lg-mt-50\">\n                            <div class=\"row gx-xxl-5\">\n                                <div class=\"col-lg-6\">\n                                                                        <h3 class=\"sub-title\">Our Goal<\/h3>\n                                                                        \n                                                                        <ul class=\"style-none list-item md-mb-40\">\n                                                                                <li>Access to high-quality engineering talent<\/li>\n                                    \t                                        <li>Rapid scaling for ongoing or urgent projects<\/li>\n                                    \t                                        <li>Flexible engagement models based on your needs<\/li>\n                                    \t                                        <li>Full alignment with your timelines, tools, and workflows<\/li>\n                                    \t                                        <li>Hybrid onshore\u2013offshore model across Canada and the USA<\/li>\n                                    \t                                    <\/ul>\n                                                                        \n                                <\/div>\n                                                                <div class=\"col-lg-6\">\n                                    <h3 class=\"sub-title\">The Challange<\/h3>                                    <p>Many organizations struggle to hire experienced developers quickly enough to meet delivery timelines. Phenologix solves this by providing vetted engineers, seamless onboarding, and a delivery-ready team structure, without the overhead of full-time hiring.<\/p>                                <\/div>\n                                                            <\/div>\n                        <\/div>\n                        <div class=\"mt-60 mb-20 lg-mt-40 lg-mb-10\">\n                            <div class=\"row gx-xxl-5\">\n                                                                <div class=\"col-xl-6 col-lg-12 col-md-6\">\n                                    <div class=\"block-style-fifteen mb-30\">\n                                        <div class=\"d-flex\">\n                                            <div class=\"text\">\n                                                <h6>Success Ratio<\/h6>\n                                                <p>We consistently achieve strong delivery outcomes for our clients through structured processes, high-caliber talent, and transparent management.<\/p>\n                                                <a href=\"\" class=\"details-btn\"><\/a>\n                                            <\/div> <!-- \/.text -->\n                                            <div class=\"circle_percent\" data-percent=\"92\">\n                                                <div class=\"circle_inner\">\n                                                    <div class=\"round_per\"><\/div>\n                                                <\/div>\n                                            <\/div>\n                                        <\/div>\n                                    <\/div> <!-- \/.block-style-fifteen -->\n                                <\/div>\n                                                                <div class=\"col-xl-6 col-lg-12 col-md-6\">\n                                    <div class=\"block-style-fifteen mb-30\">\n                                        <div class=\"d-flex\">\n                                            <div class=\"text\">\n                                                <h6>Risk Ratio<\/h6>\n                                                <p>Project risks and overruns remain low due to proactive planning, quality engineering standards, and close collaboration with clients.<\/p>\n                                                <a href=\"\" class=\"details-btn\"><\/a>\n                                            <\/div> <!-- \/.text -->\n                                            <div class=\"circle_percent\" data-percent=\"8\">\n                                                <div class=\"circle_inner\">\n                                                    <div class=\"round_per\"><\/div>\n                                                <\/div>\n                                            <\/div>\n                                        <\/div>\n                                    <\/div> <!-- \/.block-style-fifteen -->\n                                <\/div>\n                                 \n                            <\/div>\n                        <\/div>\n                                                <p><span style=\"color: black !important;font-weight: bold !important;font-size: 22px !important;margin-bottom: 20px !important\">\n  Reliable talent. Zero hiring delays. Complete flexibility.\n<\/span><br>\n\n<p style=\"margin-top: 20px !important\">\n  Phenologix delivers dependable, scalable, and cost-efficient staff augmentation services for both long-term and short-term engagements. We build high-performing teams of engineers, solution architects, QA specialists, and automation experts that integrate seamlessly with your existing workflows.<br>No offshore complexity. No long onboarding cycles. Just fast, efficient, world-class delivery.\n<\/p>\n<\/p>\n                                            <\/div> <!-- \/.service-details-meta -->\n                <\/div>\n                                <div class=\"col-xl-3 col-lg-4 col-md-8 order-lg-0\">\n                    <div class=\"service-sidebar md-mt-60\">\n                        <div id=\"sinco_latest_news-4\" class=\"widget sidebar-widget widget_sinco_latest_news\">\n\t\t<!--Start Single Sidebar Box-->\n        <div class=\"news-widget\">\n            <h5 class=\"sidebar-title\">Latest News<\/h5>            <!-- Footer Column -->\n            <div class=\"widget-content\">\n                \n            <!-- Title -->\n                        <div class=\"post\">\n                <div class=\"thumb\" style=\"background-image:url()\"><a href=\"https:\/\/test.phenologix.xyz\/index.php\/2026\/02\/11\/jeux-tower-rush-dfis-excitants-et-gameplay-rapide\/\"><\/a><\/div>\n                <h6><a href=\"https:\/\/test.phenologix.xyz\/index.php\/2026\/02\/11\/jeux-tower-rush-dfis-excitants-et-gameplay-rapide\/\">Jeux tower rush dfis excitants et gameplay rapide<\/a><\/h6>\n                <span class=\"date\">February 11, 2026<\/span>\n            <\/div>\n                        <div class=\"post\">\n                <div class=\"thumb\" style=\"background-image:url()\"><a href=\"https:\/\/test.phenologix.xyz\/index.php\/2026\/02\/10\/decouvrez-nevadawin-la-reference-francaise-des-jeux-en-ligne\/\"><\/a><\/div>\n                <h6><a href=\"https:\/\/test.phenologix.xyz\/index.php\/2026\/02\/10\/decouvrez-nevadawin-la-reference-francaise-des-jeux-en-ligne\/\">D\u00e9couvrez NevadaWin : La R\u00e9f\u00e9rence Fran\u00e7aise des Jeux en Ligne<\/a><\/h6>\n                <span class=\"date\">February 10, 2026<\/span>\n            <\/div>\n                        <div class=\"post\">\n                <div class=\"thumb\" style=\"background-image:url()\"><a href=\"https:\/\/test.phenologix.xyz\/index.php\/2026\/02\/10\/how-modern-technology-shapes-the-igaming\/\"><\/a><\/div>\n                <h6><a href=\"https:\/\/test.phenologix.xyz\/index.php\/2026\/02\/10\/how-modern-technology-shapes-the-igaming\/\">How Modern Technology Shapes the iGaming Experience<\/a><\/h6>\n                <span class=\"date\">February 10, 2026<\/span>\n            <\/div>\n            \n                    <\/div>\n        <\/div>\n        \n        <\/div>   \n                    <\/div> <!-- \/.service-sidebar -->\n                <\/div>\n                            <\/div>\n        <\/div>\n        <img decoding=\"async\" src=\"https:\/\/test.phenologix.xyz\/wp-content\/themes\/sinco\/assets\/images\/shape\/shape_48.svg\" alt=\"Awesome Image\" class=\"shapes bg-shape\">\n    <\/div> <!-- \/.service-details -->\n\n\t\t\t\t\t<\/div>\n\t\t\t\t<\/div>\n\t\t\t\t\t<\/div>\n\t\t<\/div>\n\t\t\t\t\t<\/div>\n\t\t<\/section>\n\t\t\t\t<section class=\"elementor-section elementor-top-section elementor-element elementor-element-454fd52 elementor-section-full_width elementor-section-height-default elementor-section-height-default\" data-id=\"454fd52\" data-element_type=\"section\">\n\t\t\t\t\t\t<div class=\"elementor-container elementor-column-gap-default\">\n\t\t\t\t\t<div class=\"elementor-column elementor-col-100 elementor-top-column elementor-element elementor-element-82bbcc7\" data-id=\"82bbcc7\" data-element_type=\"column\">\n\t\t\t<div class=\"elementor-widget-wrap elementor-element-populated\">\n\t\t\t\t\t\t<div class=\"elementor-element elementor-element-71f71f0 elementor-widget elementor-widget-sinco_call_to_action_v3\" data-id=\"71f71f0\" data-element_type=\"widget\" data-widget_type=\"sinco_call_to_action_v3.default\">\n\t\t\t\t<div class=\"elementor-widget-container\">\n\t\t\t\t\t\t\n\t<!-- \n\t=============================================\n\t\tFancy Short Banner Five\n\t============================================== \n\t-->\n\t<div class=\"fancy-short-banner-five \">\n\t\t<div class=\"container\">\n\t\t\t<div class=\"bg-wrapper\">\n\t\t\t\t<div class=\"row align-items-center\">\n\t\t\t\t\t\t\t\t\t\t<div class=\"col-lg-6 text-center text-lg-start\">\n\t\t\t\t\t\t<h3 class=\"pe-xxl-5 md-pb-20\">Having any Query? Book an appointment.<\/h3>\n\t\t\t\t\t<\/div>\n\t\t\t\t\t\t\t\t\t\t\t\t\t\t\t<div class=\"col-lg-6 text-center text-lg-end\">\n\t\t\t\t\t\t<a href=\"https:\/\/app-ca.cronofy.com\/add_to_calendar\/scheduling\/NLMnVCSw\" class=\"msg-btn tran3s\">Book a demo<\/a>\n\t\t\t\t\t<\/div>\n\t\t\t\t\t\t\t\t\t<\/div>\n\t\t\t<\/div> <!-- \/.bg-wrapper -->\n\t\t<\/div> <!-- \/.container -->\n\t<\/div> <!-- \/.fancy-short-banner-five -->\n\n\t\t\t\t\t<\/div>\n\t\t\t\t<\/div>\n\t\t\t\t\t<\/div>\n\t\t<\/div>\n\t\t\t\t\t<\/div>\n\t\t<\/section>\n\t\t\t\t<\/div>\n\t\t","protected":false},"excerpt":{"rendered":"<p>Delivering the talent you need to accelerate development Phenologix delivers high-quality engineering talent through a hybrid onshore\u2013offshore model across Canada and the USA, helping you scale development and eliminate hiring delays. Our experts integrate seamlessly into your team, ensuring technical depth and consistent delivery. Whether you require short-term specialists or long-term dedicated engineers, we provide [&hellip;]<\/p>\n","protected":false},"author":1,"featured_media":0,"parent":0,"menu_order":0,"comment_status":"closed","ping_status":"closed","template":"tpl-default-elementor.php","meta":{"footnotes":""},"class_list":["post-1941","page","type-page","status-publish","hentry"],"_links":{"self":[{"href":"https:\/\/test.phenologix.xyz\/index.php\/wp-json\/wp\/v2\/pages\/1941","targetHints":{"allow":["GET"]}}],"collection":[{"href":"https:\/\/test.phenologix.xyz\/index.php\/wp-json\/wp\/v2\/pages"}],"about":[{"href":"https:\/\/test.phenologix.xyz\/index.php\/wp-json\/wp\/v2\/types\/page"}],"author":[{"embeddable":true,"href":"https:\/\/test.phenologix.xyz\/index.php\/wp-json\/wp\/v2\/users\/1"}],"replies":[{"embeddable":true,"href":"https:\/\/test.phenologix.xyz\/index.php\/wp-json\/wp\/v2\/comments?post=1941"}],"version-history":[{"count":20,"href":"https:\/\/test.phenologix.xyz\/index.php\/wp-json\/wp\/v2\/pages\/1941\/revisions"}],"predecessor-version":[{"id":6940,"href":"https:\/\/test.phenologix.xyz\/index.php\/wp-json\/wp\/v2\/pages\/1941\/revisions\/6940"}],"wp:attachment":[{"href":"https:\/\/test.phenologix.xyz\/index.php\/wp-json\/wp\/v2\/media?parent=1941"}],"curies":[{"name":"wp","href":"https:\/\/api.w.org\/{rel}","templated":true}]}}